{"id":1647,"date":"2026-03-19T15:08:05","date_gmt":"2026-03-19T14:08:05","guid":{"rendered":"https:\/\/www.lagerbedor.eu\/WP\/?page_id=1647"},"modified":"2026-04-01T11:47:31","modified_gmt":"2026-04-01T09:47:31","slug":"la-presse-parle-de-la-gerbe-dor-2026","status":"publish","type":"page","link":"https:\/\/www.lagerbedor.eu\/WP\/la-presse-parle-de-la-gerbe-dor-2026\/","title":{"rendered":"La presse parle de la Gerbe d\u2019or 2026"},"content":{"rendered":"\n<div class=\"wp-block-group alignwide is-layout-flow wp-block-group-is-layout-flow\" id=\"concert-de-cuivres\">\n<p class=\"has-x-large-font-size\" style=\"font-style:normal;font-weight:500\"><strong>Saint-Loup-Cammas a vibr\u00e9 au son des cuivres : un superbe concert<\/strong><\/p>\n\n\n\n<p class=\"has-small-font-size\"><a href=\"https:\/\/www.lepetitjournal.net\/31-haute-garonne\/e31t-pays-tolosan\/2026\/03\/31\/saint-loup-cammas-a-vibre-au-son-des-cuivres-un-superbe-concert\/amp\/\" target=\"_blank\" rel=\"noreferrer noopener\">Article complet sur https:\/\/www.lepetitjournal.net\/<\/a> Publi\u00e9 le\u00a001\/04\/2026<\/p>\n\n\n\n<p><strong>Dimanche 29 mars, la salle des f\u00eates de Saint-Loup-Cammas a r\u00e9sonn\u00e9 sous les notes envo\u00fbtantes d&rsquo;un concert de cuivres organis\u00e9 par La Gerbe d&rsquo;Or.\u00a0<\/strong>Apr\u00e8s des master classes anim\u00e9es par des professeurs passionn\u00e9s, \u00e9l\u00e8ves et musiciens ont offert au public une heure de musique d&rsquo;exception, en pr\u00e9sence de la maire de la commune, de la vice-pr\u00e9sidente de la GOB, du pr\u00e9sident de l&rsquo;association et de m\u00e9lomanes venus nombreux. Un moment de partage et d&rsquo;excellence. Dirig\u00e9s par Neil Dambes, tromboniste de renom et Michel Lasalle, trompettiste au conservatoire de Toulouse, les participants ont captiv\u00e9 l&rsquo;audience avec un r\u00e9pertoire vari\u00e9, m\u00ealant classiques et pi\u00e8ces contemporaines. Gratuit et ouvert \u00e0 tous, ce concert a une fois de plus d\u00e9montr\u00e9 l&rsquo;engagement de La Gerbe d&rsquo;Or pour la culture locale, offrant un moment de convivialit\u00e9 et de d\u00e9couverte musicale \u00e0 tous les habitants.<\/p>\n\n\n\n<p>&nbsp;mj<\/p>\n<\/div>\n\n\n\n<div class=\"wp-block-group alignwide is-layout-flow wp-block-group-is-layout-flow\" id=\"concert-de-cuivres\">\n<p class=\"has-x-large-font-size\" style=\"font-style:normal;font-weight:500\"><strong>Un concert de cuivres \u00e0 ne pas manquer !<\/strong><\/p>\n\n\n\n<p class=\"has-small-font-size\"><a href=\"https:\/\/www.lepetitjournal.net\/31-haute-garonne\/e31t-pays-tolosan\/2026\/03\/24\/un-concert-de-cuivres-a-ne-pas-manquer\/\" target=\"_blank\" rel=\"noreferrer noopener\">Article complet sur https:\/\/www.lepetitjournal.net\/<\/a> Publi\u00e9 le&nbsp;24\/03\/2026<\/p>\n\n\n\n<p>Dimanche 29 mars \u00e0 17 h, la salle des f\u00eates de Saint-Loup-Cammas r\u00e9sonnera au son des cuivres lors d\u2019un concert gratuit organis\u00e9 par La Gerbe d\u2019Or.<\/p>\n\n\n\n<p>Suite aux Masters classes organis\u00e9es par La Gerbe d\u2019or, un petit concert d\u2019environ une heure sera offert \u00e0 la salle des f\u00eates de Saint Loup avec les participants \u00e0 ce stage, \u00e9l\u00e8ves et professeurs ainsi que par l\u2019ensemble de trompettes et trombones dirig\u00e9s par Neil Dambes, gage d\u2019excellence s\u2019il en est!<br>L\u2019\u00e9v\u00e9nement, enti\u00e8rement gratuit, promet un moment musical de grande qualit\u00e9, ouvert \u00e0 tous les habitants de la commune et des environs.<\/p>\n\n\n\n<p>Les organisateurs invitent chaleureusement les habitants \u00e0 venir nombreux pour soutenir ces jeunes artistes et partager un moment convivial autour de la musique.<br>Pour toute information compl\u00e9mentaire, un contact est disponible : 06 71 75 73 44.<\/p>\n\n\n\n<p>mj<\/p>\n<\/div>\n\n\n\n<div class=\"wp-block-group alignwide is-layout-flow wp-block-group-is-layout-flow\">\n<p class=\"has-x-large-font-size\" style=\"font-style:normal;font-weight:500\"><strong>Les Master classes de la Gerbe d\u2019or<\/strong><\/p>\n\n\n\n<p class=\"has-small-font-size\"><a href=\"https:\/\/www.lepetitjournal.net\/31-haute-garonne\/e31t-pays-tolosan\/2026\/03\/16\/les-master-classes-de-la-gerbe-dor\/\" target=\"_blank\" rel=\"noreferrer noopener\">Article complet sur https:\/\/www.lepetitjournal.net\/<\/a> Publi\u00e9 le&nbsp;16\/03\/2026<\/p>\n\n\n\n<p><strong>Pour la deuxi\u00e8me ann\u00e9e, la Gerbe d\u2019or organise des Master classes ouvertes \u00e0 tous les musiciens d\u00e9sirant b\u00e9n\u00e9ficier des enseignements de professionnels de la&nbsp;Musique. Ce sera le dimanche 29 mars \u00e0 Saint Loup.<\/strong><\/p>\n\n\n\n<p>Cet \u00e9v\u00e9nement programm\u00e9 depuis des mois a attir\u00e9 pr\u00e8s de 40 participants aux diff\u00e9rents pupitres, sans doute s\u00e9duits par la r\u00e9putation des professeurs qui seront pr\u00e9sents sur cette journ\u00e9e. Il y aura, pour les Tubas, Sylvain Picard, professeur au conservatoire de Toulouse, tuba solo de l\u2019orchestre national du Capitole. Pour les saxophones, Jean Charles Froux, professeur \u00e0 l\u2019\u00e9cole de&nbsp;musique&nbsp;de l\u2019Union et responsable du d\u00e9partement Jazz de l\u2019Union. Pour les clarinettes, Matthieu Gaillard, professeur au conservatoire de Bordeaux. Pour les trompettes, Michel Lassale, professeur au conservatoire de Toulouse. Aux percussions, Kevin Dumoulin, professeur et musicien \u00e0 la Musique des parachutistes de Toulouse et enfin, aux trombones, Neil Dambes, professeur aux \u00e9coles de musique de l\u2019Union, Ramonville et L\u00e9guevin. L\u2019accueil des participants se fera d\u00e8s 9h et le travail continuera jusqu\u2019\u00e0 midi. Viendront ensuite l\u2019ap\u00e9ritif et le buffet offerts \u00e0 tous puis reprise du travail par classe. Vers 17h, aura lieu \u00e0 la salle des f\u00eates un concert de restitution des morceaux travaill\u00e9s dans la journ\u00e9e et pour cl\u00f4turer la soir\u00e9e l\u2019Ensemble de trompettes et de trombones dirig\u00e9 par Neil Dambes se produira avec la participation des musiciens de la Gerbe d\u2019or. Une belle journ\u00e9e&nbsp;<a href=\"https:\/\/www.lepetitjournal.net\/31-haute-garonne\/e31t-pays-tolosan\/2026\/03\/16\/les-master-classes-de-la-gerbe-dor\/#\">&nbsp;musicale<\/a>&nbsp;et bien s\u00fbr le public est convi\u00e9 \u00e0 assister \u00e0 ce concert qui durera un peu plus d\u2019une heure et r\u00e9unira des professionnels de talent.<\/p>\n\n\n\n<p>mj<\/p>\n<\/div>\n\n\n\n<p><\/p>\n","protected":false},"excerpt":{"rendered":"<p>Saint-Loup-Cammas a vibr\u00e9 au son des cuivres : un superbe concert Article complet sur https:\/\/www.lepetitjournal.net\/ Publi\u00e9 le\u00a001\/04\/2026 Dimanche 29 mars, la salle des f\u00eates de Saint-Loup-Cammas a r\u00e9sonn\u00e9 sous les [&hellip;]<\/p>\n","protected":false},"author":4,"featured_media":0,"parent":0,"menu_order":0,"comment_status":"closed","ping_status":"closed","template":"","meta":{"ngg_post_thumbnail":0,"_EventAllDay":false,"_EventTimezone":"","_EventStartDate":"","_EventEndDate":"","_EventStartDateUTC":"","_EventEndDateUTC":"","_EventShowMap":false,"_EventShowMapLink":false,"_EventURL":"","_EventCost":"","_EventCostDescription":"","_EventCurrencySymbol":"","_EventCurrencyCode":"","_EventCurrencyPosition":"","_EventDateTimeSeparator":"","_EventTimeRangeSeparator":"","_EventOrganizerID":[],"_EventVenueID":[],"_OrganizerEmail":"","_OrganizerPhone":"","_OrganizerWebsite":"","_VenueAddress":"","_VenueCity":"","_VenueCountry":"","_VenueProvince":"","_VenueState":"","_VenueZip":"","_VenuePhone":"","_VenueURL":"","_VenueStateProvince":"","_VenueLat":"","_VenueLng":"","_VenueShowMap":false,"_VenueShowMapLink":false,"footnotes":""},"class_list":["post-1647","page","type-page","status-publish","hentry"],"_links":{"self":[{"href":"https:\/\/www.lagerbedor.eu\/WP\/wp-json\/wp\/v2\/pages\/1647","targetHints":{"allow":["GET"]}}],"collection":[{"href":"https:\/\/www.lagerbedor.eu\/WP\/wp-json\/wp\/v2\/pages"}],"about":[{"href":"https:\/\/www.lagerbedor.eu\/WP\/wp-json\/wp\/v2\/types\/page"}],"author":[{"embeddable":true,"href":"https:\/\/www.lagerbedor.eu\/WP\/wp-json\/wp\/v2\/users\/4"}],"replies":[{"embeddable":true,"href":"https:\/\/www.lagerbedor.eu\/WP\/wp-json\/wp\/v2\/comments?post=1647"}],"version-history":[{"count":7,"href":"https:\/\/www.lagerbedor.eu\/WP\/wp-json\/wp\/v2\/pages\/1647\/revisions"}],"predecessor-version":[{"id":1664,"href":"https:\/\/www.lagerbedor.eu\/WP\/wp-json\/wp\/v2\/pages\/1647\/revisions\/1664"}],"wp:attachment":[{"href":"https:\/\/www.lagerbedor.eu\/WP\/wp-json\/wp\/v2\/media?parent=1647"}],"curies":[{"name":"wp","href":"https:\/\/api.w.org\/{rel}","templated":true}]}}